{"id":73,"date":"2024-07-16T03:56:02","date_gmt":"2024-07-16T03:56:02","guid":{"rendered":"https:\/\/mcg.com.do\/?page_id=73"},"modified":"2024-08-07T18:15:34","modified_gmt":"2024-08-07T22:15:34","slug":"servicios","status":"publish","type":"page","link":"http:\/\/mcg.com.do\/index.php\/servicios\/","title":{"rendered":"SERVICIOS"},"content":{"rendered":"<p>[et_pb_section fb_built=\"1&#8243; admin_label=\"Header\" _builder_version=\"4.27.0&#8243; use_background_color_gradient=\"on\" background_color_gradient_stops=\"#1d6960 0%|rgba(0,19,46,0.6) 100%\" background_color_gradient_overlays_image=\"on\" background_color_gradient_start=\"rgba(0,19,46,0.6)\" background_color_gradient_end=\"rgba(0,19,46,0.6)\" background_image=\"http:\/\/mcg.com.do\/wp-content\/uploads\/2024\/07\/financial-advisor-43.jpg\" custom_padding=\"||||false|false\" locked=\"off\" global_colors_info=\"{}\"][et_pb_row column_structure=\"3_5,2_5&#8243; make_equal=\"on\" _builder_version=\"4.16&#8243; global_colors_info=\"{}\"][et_pb_column type=\"3_5&#8243; _builder_version=\"4.16&#8243; global_colors_info=\"{}\"][et_pb_text _builder_version=\"4.27.0&#8243; header_font=\"&#8211;et_global_heading_font|700|||||||\" header_font_size=\"100px\" background_layout=\"dark\" max_width=\"760px\" custom_margin=\"||||false|false\" header_font_size_tablet=\"70px\" header_font_size_phone=\"41px\" header_font_size_last_edited=\"on|phone\" global_colors_info=\"{}\"]<\/p>\n<h1>Servicios<\/h1>\n<p>[\/et_pb_text][\/et_pb_column][et_pb_column type=\"2_5&#8243; _builder_version=\"4.16&#8243; global_colors_info=\"{}\"][et_pb_button button_url=\"http:\/\/mcg.com.do\/index.php\/contacto\/\" button_text=\"Cont\u00e1ctanos\" _builder_version=\"4.27.0&#8243; custom_button=\"on\" button_text_color=\"#FFFFFF\" button_bg_color=\"#FF9425&#8243; button_border_color=\"rgba(0,0,0,0)\" button_border_radius=\"10px\" button_letter_spacing=\"2px\" button_font=\"&#8211;et_global_heading_font|900||on|||||\" button_use_icon=\"off\" positioning=\"absolute\" position_origin_a=\"center_right\" position_origin_a_tablet=\"\" position_origin_a_phone=\"\" position_origin_a_last_edited=\"on|desktop\" position_origin_f_tablet=\"\" position_origin_f_phone=\"\" position_origin_f_last_edited=\"on|desktop\" position_origin_r_tablet=\"\" position_origin_r_phone=\"\" position_origin_r_last_edited=\"on|desktop\" custom_margin=\"||||false|false\" custom_padding=\"15px|40px|15px|40px|true|true\" button_text_size_tablet=\"20px\" button_text_size_phone=\"16px\" button_text_size_last_edited=\"on|phone\" positioning_tablet=\"relative\" positioning_phone=\"\" positioning_last_edited=\"on|tablet\" locked=\"off\" global_colors_info=\"{}\"][\/et_pb_button][\/et_pb_column][\/et_pb_row][\/et_pb_section][et_pb_section fb_built=\"1&#8243; admin_label=\"Services\" _builder_version=\"4.16&#8243; global_colors_info=\"{}\"][et_pb_row column_structure=\"1_2,1_2&#8243; _builder_version=\"4.27.0&#8243; border_radii=\"off||50px||50px\" global_colors_info=\"{}\"][et_pb_column type=\"1_2&#8243; _builder_version=\"4.16&#8243; global_colors_info=\"{}\"][et_pb_blurb title=\"Consultor\u00eda\" icon_placement=\"left\" image_icon_width=\"64px\" content_max_width=\"100%\" image_icon_width_tablet=\"64px\" image_icon_width_phone=\"32px\" image_icon_width_last_edited=\"on|tablet\" _builder_version=\"4.27.0&#8243; header_font=\"&#8211;et_global_heading_font|700|||||||\" header_text_color=\"#FF9425&#8243; header_font_size=\"22px\" header_line_height=\"1.4em\" body_font=\"Darker Grotesque|600|||||||\" body_text_align=\"justify\" body_font_size=\"18px\" body_line_height=\"1.4em\" background_color=\"#1D6960&#8243; custom_padding=\"40px|20px|40px|20px|true|true\" animation=\"off\" link_option_url=\"#\" border_radii=\"off||50px||50px\" image_max_width=\"64px\" image_max_width_tablet=\"\" image_max_width_phone=\"32px\" image_max_width_last_edited=\"on|tablet\" global_colors_info=\"{}\"]<\/p>\n<p><span style=\"color: #ffffff;\">Los servicios de consultor\u00eda ofertados est\u00e1n dise\u00f1ados para transferir conocimiento \u00fatil y actualizado a nuestros clientes bajo un enfoque de cercan\u00eda, lo cual implica desarrollar un conocimiento preciso de sus necesidades y construir soluciones que se acojan a su realidad y potencial competitivo.<\/span><\/p>\n<p>[\/et_pb_blurb][et_pb_blurb title=\"Auditor\u00edas de Sistemas de Gesti\u00f3n\" icon_placement=\"left\" image_icon_width=\"64px\" content_max_width=\"100%\" image_icon_width_tablet=\"64px\" image_icon_width_phone=\"32px\" image_icon_width_last_edited=\"on|tablet\" _builder_version=\"4.27.0&#8243; header_level=\"h3&#8243; header_font=\"&#8211;et_global_heading_font|700|||||||\" header_text_color=\"#FF9425&#8243; header_font_size=\"22px\" header_line_height=\"1.4em\" body_font=\"Darker Grotesque|600|||||||\" body_text_align=\"justify\" body_font_size=\"18px\" body_line_height=\"1.4em\" background_color=\"#1D6960&#8243; custom_padding=\"40px|20px|40px|20px|true|true\" animation=\"off\" link_option_url=\"#\" border_radii=\"off||50px||50px\" image_max_width=\"64px\" image_max_width_tablet=\"\" image_max_width_phone=\"32px\" image_max_width_last_edited=\"on|tablet\" global_colors_info=\"{}\"]<\/p>\n<p><span style=\"color: #ffffff;\">Cabe destacar que las auditor\u00edas realizadas por MCG siguen un modelo que asegura la mejora continua del sistema y la verificaci\u00f3n de las evidencias disponibles, tomando en consideraci\u00f3n la muestra seleccionada por el auditor.<\/span><\/p>\n<p>[\/et_pb_blurb][et_pb_blurb title=\"Estudio de factibilidad\" icon_placement=\"left\" image_icon_width=\"64px\" content_max_width=\"100%\" image_icon_width_tablet=\"64px\" image_icon_width_phone=\"32px\" image_icon_width_last_edited=\"on|tablet\" _builder_version=\"4.27.0&#8243; header_level=\"h3&#8243; header_font=\"&#8211;et_global_heading_font|700|||||||\" header_text_color=\"#FF9425&#8243; header_font_size=\"22px\" header_line_height=\"1.4em\" body_font=\"Darker Grotesque|600|||||||\" body_text_align=\"justify\" body_font_size=\"18px\" body_line_height=\"1.4em\" background_color=\"#1D6960&#8243; custom_padding=\"40px|20px|40px|20px|true|true\" animation=\"off\" link_option_url=\"#\" border_radii=\"off||50px||50px\" image_max_width=\"64px\" image_max_width_tablet=\"\" image_max_width_phone=\"32px\" image_max_width_last_edited=\"on|tablet\" global_colors_info=\"{}\"]<\/p>\n<p><span style=\"color: #ffffff;\">Nuestra Oferta de servicio de consultor\u00eda responde a cualquier necesidad de nuestros clientes en las materias de nuestra de especialidad para ello, ademas de nuestra planta de consultores, contamos con alianzas nacionales e internacionales en materias complementarias a las nuestras.<\/span><\/p>\n<p>[\/et_pb_blurb][\/et_pb_column][et_pb_column type=\"1_2&#8243; _builder_version=\"4.16&#8243; global_colors_info=\"{}\"][et_pb_blurb title=\"Gesti\u00f3n de Proyectos\" icon_placement=\"left\" image_icon_width=\"64px\" content_max_width=\"100%\" image_icon_width_tablet=\"64px\" image_icon_width_phone=\"32px\" image_icon_width_last_edited=\"on|tablet\" _builder_version=\"4.27.0&#8243; header_font=\"&#8211;et_global_heading_font|700|||||||\" header_text_color=\"#FF9425&#8243; header_font_size=\"22px\" header_line_height=\"1.4em\" body_font=\"Darker Grotesque|600|||||||\" body_text_align=\"justify\" body_font_size=\"18px\" body_line_height=\"1.4em\" background_color=\"#1D6960&#8243; custom_padding=\"40px|20px|40px|20px|true|true\" animation=\"off\" link_option_url=\"#\" border_radii=\"off|50px||50px|\" image_max_width=\"64px\" image_max_width_tablet=\"\" image_max_width_phone=\"32px\" image_max_width_last_edited=\"on|tablet\" locked=\"off\" global_colors_info=\"{}\"]<\/p>\n<p><span style=\"color: #ffffff;\">Nuestro mejor aval para demostrar competencia para asumir retos en el maravilloso mundo de la gesti\u00f3n de proyectos se estructura a partir de un equipo altamente competente, herramientas y metodolog\u00edas de \u00faltima generaci\u00f3n y nuestro empe\u00f1o cotidiano por asegurar la calidad de nuestros proyectos.<\/span><\/p>\n<p>[\/et_pb_blurb][et_pb_blurb title=\"Planificaci\u00f3n Estrat\u00e9gica\" icon_placement=\"left\" image_icon_width=\"64px\" content_max_width=\"100%\" image_icon_width_tablet=\"64px\" image_icon_width_phone=\"32px\" image_icon_width_last_edited=\"on|tablet\" _builder_version=\"4.27.0&#8243; header_font=\"&#8211;et_global_heading_font|700|||||||\" header_text_color=\"#FF9425&#8243; header_font_size=\"22px\" header_line_height=\"1.4em\" body_font=\"Darker Grotesque|600|||||||\" body_text_align=\"justify\" body_font_size=\"18px\" body_line_height=\"1.4em\" background_color=\"#1D6960&#8243; custom_padding=\"40px|20px|40px|20px|true|true\" animation=\"off\" link_option_url=\"#\" border_radii=\"off|50px||50px|\" image_max_width=\"64px\" image_max_width_tablet=\"\" image_max_width_phone=\"32px\" image_max_width_last_edited=\"on|tablet\" locked=\"off\" global_colors_info=\"{}\"]<\/p>\n<p><span style=\"color: #ffffff;\">Trabajamos con una metodolog\u00eda propia para realizar ejercicios de planificaci\u00f3n estrat\u00e9gica de manera exitosa, asegurando sostenibilidad y efectividad de los planes y mejoras colaterales en la organizaci\u00f3n que los sustenta.<\/span><\/p>\n<p>[\/et_pb_blurb][et_pb_blurb title=\"Aseguramiento de la calidad\" icon_placement=\"left\" image_icon_width=\"64px\" content_max_width=\"100%\" image_icon_width_tablet=\"64px\" image_icon_width_phone=\"32px\" image_icon_width_last_edited=\"on|tablet\" _builder_version=\"4.27.0&#8243; header_font=\"&#8211;et_global_heading_font|700|||||||\" header_text_color=\"#FF9425&#8243; header_font_size=\"22px\" header_line_height=\"1.4em\" body_font=\"Darker Grotesque|600|||||||\" body_text_align=\"justify\" body_font_size=\"18px\" body_line_height=\"1.4em\" background_color=\"#1D6960&#8243; custom_padding=\"40px|20px|40px|20px|true|true\" animation=\"off\" link_option_url=\"#\" border_radii=\"off|50px||50px|\" image_max_width=\"64px\" image_max_width_tablet=\"\" image_max_width_phone=\"32px\" image_max_width_last_edited=\"on|tablet\" locked=\"off\" global_colors_info=\"{}\"]<\/p>\n<p><span style=\"color: #ffffff;\">Mediante la realizaci\u00f3n de auditor\u00edas internas, evaluaci\u00f3n de proveedores, apoyo en la revisi\u00f3n de sistemas por la direcci\u00f3n, gesti\u00f3n del sistema de acciones de mejora, correctivos y preventivos, seguimiento al sistema de indicadores y otras acciones orientadas a mantener y mejorar los sistemas de gesti\u00f3n establecidos por nuestros clientes.<\/span><\/p>\n<p>[\/et_pb_blurb][\/et_pb_column][\/et_pb_row][\/et_pb_section][et_pb_section fb_built=\"1&#8243; admin_label=\"CTA\" _builder_version=\"4.27.0&#8243; background_color=\"#1D6960&#8243; background_image=\"http:\/\/mcg.com.do\/wp-content\/uploads\/2024\/07\/pp3.png\" locked=\"off\" global_colors_info=\"{}\"][et_pb_row _builder_version=\"4.16&#8243; global_colors_info=\"{}\"][et_pb_column type=\"4_4&#8243; _builder_version=\"4.16&#8243; global_colors_info=\"{}\"][et_pb_text _builder_version=\"4.27.0&#8243; header_font=\"&#8211;et_global_heading_font||||||||\" header_2_font=\"&#8211;et_global_heading_font|700|||||||\" header_2_font_size=\"39px\" header_2_line_height=\"1.2em\" text_orientation=\"center\" background_layout=\"dark\" max_width=\"700px\" module_alignment=\"center\" header_2_font_size_tablet=\"42px\" header_2_font_size_phone=\"30px\" header_2_font_size_last_edited=\"on|phone\" locked=\"off\" global_colors_info=\"{}\"]<\/p>\n<h2>\"La colaboraci\u00f3n y la comunicaci\u00f3n efectiva son esenciales para el \u00e9xito de cualquier empresa\"<\/h2>\n<p>[\/et_pb_text][et_pb_button button_url=\"http:\/\/mcg.com.do\/index.php\/contacto\/\" button_text=\"COMUN\u00cdCATE CON NUESTRO EQUIPO\" button_alignment=\"center\" _builder_version=\"4.27.0&#8243; custom_button=\"on\" button_text_color=\"#FFFFFF\" button_bg_color=\"#FF9425&#8243; button_border_color=\"rgba(0,0,0,0)\" button_border_radius=\"15px\" button_letter_spacing=\"2px\" button_font=\"Darker Grotesque|900||on|||||\" button_use_icon=\"off\" custom_margin=\"50px||||false|false\" custom_padding=\"15px|40px|15px|40px|true|true\" button_text_size_tablet=\"20px\" button_text_size_phone=\"16px\" button_text_size_last_edited=\"on|phone\" locked=\"off\" global_colors_info=\"{}\"][\/et_pb_button][\/et_pb_column][\/et_pb_row][\/et_pb_section]<\/p>\n","protected":false},"excerpt":{"rendered":"<p>ServiciosLos servicios de consultor\u00eda ofertados est\u00e1n dise\u00f1ados para transferir conocimiento \u00fatil y actualizado a nuestros clientes bajo un enfoque de cercan\u00eda, lo cual implica desarrollar un conocimiento preciso de sus necesidades y construir soluciones que se acojan a su realidad y potencial competitivo.Cabe destacar que las auditor\u00edas realizadas por MCG siguen un modelo que asegura [&hellip;]<\/p>\n","protected":false},"author":1,"featured_media":0,"parent":0,"menu_order":0,"comment_status":"closed","ping_status":"closed","template":"","meta":{"_et_pb_use_builder":"on","_et_pb_old_content":"","_et_gb_content_width":"","footnotes":""},"class_list":["post-73","page","type-page","status-publish","hentry"],"_links":{"self":[{"href":"http:\/\/mcg.com.do\/index.php\/wp-json\/wp\/v2\/pages\/73","targetHints":{"allow":["GET"]}}],"collection":[{"href":"http:\/\/mcg.com.do\/index.php\/wp-json\/wp\/v2\/pages"}],"about":[{"href":"http:\/\/mcg.com.do\/index.php\/wp-json\/wp\/v2\/types\/page"}],"author":[{"embeddable":true,"href":"http:\/\/mcg.com.do\/index.php\/wp-json\/wp\/v2\/users\/1"}],"replies":[{"embeddable":true,"href":"http:\/\/mcg.com.do\/index.php\/wp-json\/wp\/v2\/comments?post=73"}],"version-history":[{"count":9,"href":"http:\/\/mcg.com.do\/index.php\/wp-json\/wp\/v2\/pages\/73\/revisions"}],"predecessor-version":[{"id":562,"href":"http:\/\/mcg.com.do\/index.php\/wp-json\/wp\/v2\/pages\/73\/revisions\/562"}],"wp:attachment":[{"href":"http:\/\/mcg.com.do\/index.php\/wp-json\/wp\/v2\/media?parent=73"}],"curies":[{"name":"wp","href":"https:\/\/api.w.org\/{rel}","templated":true}]}}