{"id":258,"date":"2024-07-23T21:14:50","date_gmt":"2024-07-23T21:14:50","guid":{"rendered":"https:\/\/mcg.com.do\/?page_id=258"},"modified":"2024-07-23T21:16:26","modified_gmt":"2024-07-23T21:16:26","slug":"introductorio-seguridad-ocupacional-ohsas-18001","status":"publish","type":"page","link":"http:\/\/mcg.com.do\/index.php\/introductorio-seguridad-ocupacional-ohsas-18001\/","title":{"rendered":"INTRODUCTORIO SEGURIDAD OCUPACIONAL \"OHSAS 18001&#8243;"},"content":{"rendered":"<p>[et_pb_section fb_built=\"1&#8243; admin_label=\"Header\" _builder_version=\"4.26.1&#8243; use_background_color_gradient=\"on\" background_color_gradient_stops=\"#1d6960 1%|rgba(0,19,46,0.6) 100%\" background_color_gradient_overlays_image=\"on\" background_color_gradient_start=\"rgba(0,19,46,0.6)\" background_color_gradient_end=\"rgba(0,19,46,0.6)\" background_image=\"http:\/\/mcg.com.do\/wp-content\/uploads\/2024\/07\/BULDING-1920X643.png\" custom_padding=\"||||false|false\" locked=\"off\" global_colors_info=\"{}\" theme_builder_area=\"post_content\"][et_pb_row _builder_version=\"4.16&#8243; global_colors_info=\"{}\" theme_builder_area=\"post_content\"][et_pb_column type=\"4_4&#8243; _builder_version=\"4.16&#8243; global_colors_info=\"{}\" theme_builder_area=\"post_content\"][et_pb_text _builder_version=\"4.26.1&#8243; header_font=\"&#8211;et_global_heading_font|700|||||||\" header_font_size=\"60px\" background_layout=\"dark\" custom_margin=\"||||false|false\" hover_enabled=\"0&#8243; header_font_size_tablet=\"70px\" header_font_size_phone=\"41px\" header_font_size_last_edited=\"on|phone\" global_colors_info=\"{}\" theme_builder_area=\"post_content\" sticky_enabled=\"0&#8243;]<\/p>\n<h1>INTRODUCTORIO SEGURIDAD OCUPACIONAL \"OHSAS 18001&#8243;<\/h1>\n<p>[\/et_pb_text][\/et_pb_column][\/et_pb_row][\/et_pb_section][et_pb_section fb_built=\"1&#8243; admin_label=\"About\" _builder_version=\"4.16&#8243; global_colors_info=\"{}\" theme_builder_area=\"post_content\"][et_pb_row _builder_version=\"4.16&#8243; global_colors_info=\"{}\" theme_builder_area=\"post_content\"][et_pb_column type=\"4_4&#8243; _builder_version=\"4.16&#8243; global_colors_info=\"{}\" theme_builder_area=\"post_content\"][et_pb_text _builder_version=\"4.26.1&#8243; text_font=\"Darker Grotesque|600|||||||\" text_font_size=\"18px\" text_line_height=\"1.4em\" hover_enabled=\"0&#8243; global_colors_info=\"{}\" theme_builder_area=\"post_content\" sticky_enabled=\"0&#8243;]<\/p>\n<p>Estos cursos cuentan con el material de apoyo necesario para asegurar que sus participantes puedan realizar consultas luego de realizado el entrenamiento, son provistos por personal con calidad acad\u00e9mica y experiencia probada sobre sus materias y son sometidos a encuestas de evaluaci\u00f3n una vez concluyen, para verificar nuestra efectividad en la transmisi\u00f3n de conocimiento.<\/p>\n<p>Nuestro certificado tendr\u00e1 el aval de AENOR Internacional acreditativo con valor internacional.<\/p>\n<p>Norma:<br \/>\nISO 14001<\/p>\n<p>[\/et_pb_text][\/et_pb_column][\/et_pb_row][et_pb_row column_structure=\"1_3,1_3,1_3&#8243; _builder_version=\"4.26.1&#8243; _module_preset=\"default\" global_colors_info=\"{}\" theme_builder_area=\"post_content\"][et_pb_column type=\"1_3&#8243; _builder_version=\"4.26.1&#8243; _module_preset=\"default\" global_colors_info=\"{}\" theme_builder_area=\"post_content\"][et_pb_text _builder_version=\"4.26.1&#8243; text_font=\"&#8211;et_global_heading_font|800|||||||\" text_text_color=\"#1D6960&#8243; text_font_size=\"22px\" text_line_height=\"1.4em\" text_orientation=\"center\" background_layout=\"dark\" max_width=\"400px\" border_radii=\"on|30px|30px|30px|30px\" border_width_all=\"2px\" border_color_all=\"#FF9425&#8243; locked=\"off\" global_colors_info=\"{}\" theme_builder_area=\"post_content\"]<\/p>\n<p>Inversi\u00f3n: US$ 1,300<\/p>\n<p>[\/et_pb_text][\/et_pb_column][et_pb_column type=\"1_3&#8243; _builder_version=\"4.26.1&#8243; _module_preset=\"default\" global_colors_info=\"{}\" theme_builder_area=\"post_content\"][et_pb_text _builder_version=\"4.26.1&#8243; text_font=\"&#8211;et_global_heading_font|800|||||||\" text_text_color=\"#1D6960&#8243; text_font_size=\"22px\" text_line_height=\"1.4em\" text_orientation=\"center\" background_layout=\"dark\" max_width=\"400px\" border_radii=\"on|30px|30px|30px|30px\" border_width_all=\"2px\" border_color_all=\"#FF9425&#8243; locked=\"off\" global_colors_info=\"{}\" theme_builder_area=\"post_content\"]<\/p>\n<p>Duraci\u00f3n: 40 horas<\/p>\n<p>[\/et_pb_text][\/et_pb_column][et_pb_column type=\"1_3&#8243; _builder_version=\"4.26.1&#8243; _module_preset=\"default\" global_colors_info=\"{}\" theme_builder_area=\"post_content\"][et_pb_text _builder_version=\"4.26.1&#8243; text_font=\"&#8211;et_global_heading_font|800|||||||\" text_text_color=\"#1D6960&#8243; text_font_size=\"22px\" text_line_height=\"1.4em\" text_orientation=\"center\" background_layout=\"dark\" max_width=\"400px\" border_radii=\"on|30px|30px|30px|30px\" border_width_all=\"2px\" border_color_all=\"#FF9425&#8243; locked=\"off\" global_colors_info=\"{}\" theme_builder_area=\"post_content\"]<\/p>\n<p>D\u00edas: Lun-Vier<\/p>\n<p>[\/et_pb_text][\/et_pb_column][\/et_pb_row][\/et_pb_section][et_pb_section fb_built=\"1&#8243; admin_label=\"CTA\" _builder_version=\"4.26.1&#8243; background_color=\"#1D6960&#8243; background_image=\"http:\/\/mcg.com.do\/wp-content\/uploads\/2024\/07\/financial-advisor-24.png\" locked=\"off\" global_colors_info=\"{}\" theme_builder_area=\"post_content\"][et_pb_row _builder_version=\"4.16&#8243; global_colors_info=\"{}\" theme_builder_area=\"post_content\"][et_pb_column type=\"4_4&#8243; _builder_version=\"4.16&#8243; global_colors_info=\"{}\" theme_builder_area=\"post_content\"][et_pb_text _builder_version=\"4.26.1&#8243; text_font=\"&#8211;et_global_heading_font||||||||\" header_font=\"&#8211;et_global_heading_font|600|||||||\" header_2_font=\"&#8211;et_global_heading_font||||||||\" header_2_font_size=\"60px\" header_3_font=\"&#8211;et_global_heading_font||||||||\" text_orientation=\"center\" background_layout=\"dark\" max_width=\"700px\" module_alignment=\"center\" header_2_font_size_tablet=\"42px\" header_2_font_size_phone=\"30px\" header_2_font_size_last_edited=\"on|phone\" locked=\"off\" global_colors_info=\"{}\" theme_builder_area=\"post_content\"]<\/p>\n<h2>Nos encantar\u00eda ayudarte a potenciar tus capacidades competitivas<\/h2>\n<p>[\/et_pb_text][et_pb_button button_text=\"Comun\u00edcate con nosotros\" button_alignment=\"center\" _builder_version=\"4.26.1&#8243; custom_button=\"on\" button_text_color=\"#FFFFFF\" button_bg_color=\"#FF9425&#8243; button_border_width=\"3px\" button_border_color=\"#FF9425&#8243; button_border_radius=\"6px\" button_letter_spacing=\"2px\" button_font=\"Darker Grotesque|900||on|||||\" button_use_icon=\"off\" background_layout=\"dark\" custom_margin=\"50px||||false|false\" custom_padding=\"15px|40px|15px|40px|true|true\" button_text_size_tablet=\"20px\" button_text_size_phone=\"16px\" button_text_size_last_edited=\"on|phone\" locked=\"off\" global_colors_info=\"{}\" theme_builder_area=\"post_content\"][\/et_pb_button][\/et_pb_column][\/et_pb_row][\/et_pb_section]<\/p>\n","protected":false},"excerpt":{"rendered":"<p>INTRODUCTORIO SEGURIDAD OCUPACIONAL \"OHSAS 18001&#8243;Estos cursos cuentan con el material de apoyo necesario para asegurar que sus participantes puedan realizar consultas luego de realizado el entrenamiento, son provistos por personal con calidad acad\u00e9mica y experiencia probada sobre sus materias y son sometidos a encuestas de evaluaci\u00f3n una vez concluyen, para verificar nuestra efectividad en la [&hellip;]<\/p>\n","protected":false},"author":1,"featured_media":0,"parent":0,"menu_order":0,"comment_status":"closed","ping_status":"closed","template":"","meta":{"_et_pb_use_builder":"on","_et_pb_old_content":"","_et_gb_content_width":"","footnotes":""},"class_list":["post-258","page","type-page","status-publish","hentry"],"_links":{"self":[{"href":"http:\/\/mcg.com.do\/index.php\/wp-json\/wp\/v2\/pages\/258","targetHints":{"allow":["GET"]}}],"collection":[{"href":"http:\/\/mcg.com.do\/index.php\/wp-json\/wp\/v2\/pages"}],"about":[{"href":"http:\/\/mcg.com.do\/index.php\/wp-json\/wp\/v2\/types\/page"}],"author":[{"embeddable":true,"href":"http:\/\/mcg.com.do\/index.php\/wp-json\/wp\/v2\/users\/1"}],"replies":[{"embeddable":true,"href":"http:\/\/mcg.com.do\/index.php\/wp-json\/wp\/v2\/comments?post=258"}],"version-history":[{"count":3,"href":"http:\/\/mcg.com.do\/index.php\/wp-json\/wp\/v2\/pages\/258\/revisions"}],"predecessor-version":[{"id":262,"href":"http:\/\/mcg.com.do\/index.php\/wp-json\/wp\/v2\/pages\/258\/revisions\/262"}],"wp:attachment":[{"href":"http:\/\/mcg.com.do\/index.php\/wp-json\/wp\/v2\/media?parent=258"}],"curies":[{"name":"wp","href":"https:\/\/api.w.org\/{rel}","templated":true}]}}